{"id":411,"date":"2024-01-01T00:06:06","date_gmt":"2023-12-31T23:06:06","guid":{"rendered":"https:\/\/polnischefenster24.de\/konfigurator\/?post_type=product&#038;p=411"},"modified":"2026-01-12T18:59:57","modified_gmt":"2026-01-12T17:59:57","slug":"aluminiumfenster-mb-104mm","status":"publish","type":"product","link":"https:\/\/www.polnischefenster24.de\/konfigurator\/profil\/aluminiumfenster-mb-104mm\/","title":{"rendered":"Aluprof MB-104 Passive (104mm)"},"content":{"rendered":"","protected":false},"excerpt":{"rendered":"","protected":false},"featured_media":42522,"template":"","meta":[],"product_brand":[],"product_cat":[21],"product_tag":[],"class_list":{"0":"post-411","1":"product","2":"type-product","3":"status-publish","4":"has-post-thumbnail","6":"product_cat-aluminiumfenster","8":"first","9":"instock","10":"shipping-taxable","11":"purchasable","12":"product-type-simple"},"yoast_head":"<!-- This site is optimized with the Yoast SEO plugin v27.3 - https:\/\/yoast.com\/product\/yoast-seo-wordpress\/ -->\n<title>Aluprof MB-104 Passive (104mm) - Fenster Konfigurator<\/title>\n<meta name=\"robots\" content=\"index, follow, max-snippet:-1, max-image-preview:large, max-video-preview:-1\" \/>\n<link rel=\"canonical\" href=\"https:\/\/www.polnischefenster24.de\/konfigurator\/profil\/aluminiumfenster-mb-104mm\/\" \/>\n<meta property=\"og:locale\" content=\"de_DE\" \/>\n<meta property=\"og:type\" content=\"article\" \/>\n<meta property=\"og:title\" content=\"Aluprof MB-104 Passive (104mm) - Fenster Konfigurator\" \/>\n<meta property=\"og:url\" content=\"https:\/\/www.polnischefenster24.de\/konfigurator\/profil\/aluminiumfenster-mb-104mm\/\" \/>\n<meta property=\"og:site_name\" content=\"Fenster Konfigurator\" \/>\n<meta property=\"article:modified_time\" content=\"2026-01-12T17:59:57+00:00\" \/>\n<meta property=\"og:image\" content=\"https:\/\/www.polnischefenster24.de\/konfigurator\/wp-content\/uploads\/2024\/07\/Aluprof-MB104-passive.jpg\" \/>\n\t<meta property=\"og:image:width\" content=\"800\" \/>\n\t<meta property=\"og:image:height\" content=\"800\" \/>\n\t<meta property=\"og:image:type\" content=\"image\/jpeg\" \/>\n<meta name=\"twitter:card\" content=\"summary_large_image\" \/>\n<meta name=\"twitter:label1\" content=\"Gesch\u00e4tzte Lesezeit\" \/>\n\t<meta name=\"twitter:data1\" content=\"1\u00a0Minute\" \/>\n<script type=\"application\/ld+json\" class=\"yoast-schema-graph\">{\"@context\":\"https:\\\/\\\/schema.org\",\"@graph\":[{\"@type\":\"WebPage\",\"@id\":\"https:\\\/\\\/www.polnischefenster24.de\\\/konfigurator\\\/profil\\\/aluminiumfenster-mb-104mm\\\/\",\"url\":\"https:\\\/\\\/www.polnischefenster24.de\\\/konfigurator\\\/profil\\\/aluminiumfenster-mb-104mm\\\/\",\"name\":\"Aluprof MB-104 Passive (104mm) - Fenster Konfigurator\",\"isPartOf\":{\"@id\":\"https:\\\/\\\/www.polnischefenster24.de\\\/konfigurator\\\/#website\"},\"primaryImageOfPage\":{\"@id\":\"https:\\\/\\\/www.polnischefenster24.de\\\/konfigurator\\\/profil\\\/aluminiumfenster-mb-104mm\\\/#primaryimage\"},\"image\":{\"@id\":\"https:\\\/\\\/www.polnischefenster24.de\\\/konfigurator\\\/profil\\\/aluminiumfenster-mb-104mm\\\/#primaryimage\"},\"thumbnailUrl\":\"https:\\\/\\\/www.polnischefenster24.de\\\/konfigurator\\\/wp-content\\\/uploads\\\/2024\\\/07\\\/Aluprof-MB104-passive.jpg\",\"datePublished\":\"2023-12-31T23:06:06+00:00\",\"dateModified\":\"2026-01-12T17:59:57+00:00\",\"breadcrumb\":{\"@id\":\"https:\\\/\\\/www.polnischefenster24.de\\\/konfigurator\\\/profil\\\/aluminiumfenster-mb-104mm\\\/#breadcrumb\"},\"inLanguage\":\"de\",\"potentialAction\":[{\"@type\":\"ReadAction\",\"target\":[\"https:\\\/\\\/www.polnischefenster24.de\\\/konfigurator\\\/profil\\\/aluminiumfenster-mb-104mm\\\/\"]}]},{\"@type\":\"ImageObject\",\"inLanguage\":\"de\",\"@id\":\"https:\\\/\\\/www.polnischefenster24.de\\\/konfigurator\\\/profil\\\/aluminiumfenster-mb-104mm\\\/#primaryimage\",\"url\":\"https:\\\/\\\/www.polnischefenster24.de\\\/konfigurator\\\/wp-content\\\/uploads\\\/2024\\\/07\\\/Aluprof-MB104-passive.jpg\",\"contentUrl\":\"https:\\\/\\\/www.polnischefenster24.de\\\/konfigurator\\\/wp-content\\\/uploads\\\/2024\\\/07\\\/Aluprof-MB104-passive.jpg\",\"width\":800,\"height\":800},{\"@type\":\"BreadcrumbList\",\"@id\":\"https:\\\/\\\/www.polnischefenster24.de\\\/konfigurator\\\/profil\\\/aluminiumfenster-mb-104mm\\\/#breadcrumb\",\"itemListElement\":[{\"@type\":\"ListItem\",\"position\":1,\"name\":\"Home\",\"item\":\"https:\\\/\\\/www.polnischefenster24.de\\\/konfigurator\\\/\"},{\"@type\":\"ListItem\",\"position\":2,\"name\":\"Fenster konfigurieren Produkten bei Fenster-Welten-GmbH\",\"item\":\"https:\\\/\\\/www.polnischefenster24.de\\\/konfigurator\\\/fenster-online\\\/\"},{\"@type\":\"ListItem\",\"position\":3,\"name\":\"Aluprof MB-104 Passive (104mm)\"}]},{\"@type\":\"WebSite\",\"@id\":\"https:\\\/\\\/www.polnischefenster24.de\\\/konfigurator\\\/#website\",\"url\":\"https:\\\/\\\/www.polnischefenster24.de\\\/konfigurator\\\/\",\"name\":\"Fenster Konfigurator\",\"description\":\"Individuelle Fenster nach Ma\u00df online gestalten. Verschiedenen Materialien, Farben und Gr\u00f6\u00dfen. Jetzt konfigurieren und kostenloses Angebot!\",\"publisher\":{\"@id\":\"https:\\\/\\\/www.polnischefenster24.de\\\/konfigurator\\\/#organization\"},\"potentialAction\":[{\"@type\":\"SearchAction\",\"target\":{\"@type\":\"EntryPoint\",\"urlTemplate\":\"https:\\\/\\\/www.polnischefenster24.de\\\/konfigurator\\\/?s={search_term_string}\"},\"query-input\":{\"@type\":\"PropertyValueSpecification\",\"valueRequired\":true,\"valueName\":\"search_term_string\"}}],\"inLanguage\":\"de\"},{\"@type\":\"Organization\",\"@id\":\"https:\\\/\\\/www.polnischefenster24.de\\\/konfigurator\\\/#organization\",\"name\":\"Fenster Konfigurator\",\"url\":\"https:\\\/\\\/www.polnischefenster24.de\\\/konfigurator\\\/\",\"logo\":{\"@type\":\"ImageObject\",\"inLanguage\":\"de\",\"@id\":\"https:\\\/\\\/www.polnischefenster24.de\\\/konfigurator\\\/#\\\/schema\\\/logo\\\/image\\\/\",\"url\":\"https:\\\/\\\/www.polnischefenster24.de\\\/konfigurator\\\/wp-content\\\/uploads\\\/2023\\\/10\\\/fenster-welten-gmbh-logo.png\",\"contentUrl\":\"https:\\\/\\\/www.polnischefenster24.de\\\/konfigurator\\\/wp-content\\\/uploads\\\/2023\\\/10\\\/fenster-welten-gmbh-logo.png\",\"width\":851,\"height\":451,\"caption\":\"Fenster Konfigurator\"},\"image\":{\"@id\":\"https:\\\/\\\/www.polnischefenster24.de\\\/konfigurator\\\/#\\\/schema\\\/logo\\\/image\\\/\"}}]}<\/script>\n<!-- \/ Yoast SEO plugin. -->","yoast_head_json":{"title":"Aluprof MB-104 Passive (104mm) - Fenster Konfigurator","robots":{"index":"index","follow":"follow","max-snippet":"max-snippet:-1","max-image-preview":"max-image-preview:large","max-video-preview":"max-video-preview:-1"},"canonical":"https:\/\/www.polnischefenster24.de\/konfigurator\/profil\/aluminiumfenster-mb-104mm\/","og_locale":"de_DE","og_type":"article","og_title":"Aluprof MB-104 Passive (104mm) - Fenster Konfigurator","og_url":"https:\/\/www.polnischefenster24.de\/konfigurator\/profil\/aluminiumfenster-mb-104mm\/","og_site_name":"Fenster Konfigurator","article_modified_time":"2026-01-12T17:59:57+00:00","og_image":[{"width":800,"height":800,"url":"https:\/\/www.polnischefenster24.de\/konfigurator\/wp-content\/uploads\/2024\/07\/Aluprof-MB104-passive.jpg","type":"image\/jpeg"}],"twitter_card":"summary_large_image","twitter_misc":{"Gesch\u00e4tzte Lesezeit":"1\u00a0Minute"},"schema":{"@context":"https:\/\/schema.org","@graph":[{"@type":"WebPage","@id":"https:\/\/www.polnischefenster24.de\/konfigurator\/profil\/aluminiumfenster-mb-104mm\/","url":"https:\/\/www.polnischefenster24.de\/konfigurator\/profil\/aluminiumfenster-mb-104mm\/","name":"Aluprof MB-104 Passive (104mm) - Fenster Konfigurator","isPartOf":{"@id":"https:\/\/www.polnischefenster24.de\/konfigurator\/#website"},"primaryImageOfPage":{"@id":"https:\/\/www.polnischefenster24.de\/konfigurator\/profil\/aluminiumfenster-mb-104mm\/#primaryimage"},"image":{"@id":"https:\/\/www.polnischefenster24.de\/konfigurator\/profil\/aluminiumfenster-mb-104mm\/#primaryimage"},"thumbnailUrl":"https:\/\/www.polnischefenster24.de\/konfigurator\/wp-content\/uploads\/2024\/07\/Aluprof-MB104-passive.jpg","datePublished":"2023-12-31T23:06:06+00:00","dateModified":"2026-01-12T17:59:57+00:00","breadcrumb":{"@id":"https:\/\/www.polnischefenster24.de\/konfigurator\/profil\/aluminiumfenster-mb-104mm\/#breadcrumb"},"inLanguage":"de","potentialAction":[{"@type":"ReadAction","target":["https:\/\/www.polnischefenster24.de\/konfigurator\/profil\/aluminiumfenster-mb-104mm\/"]}]},{"@type":"ImageObject","inLanguage":"de","@id":"https:\/\/www.polnischefenster24.de\/konfigurator\/profil\/aluminiumfenster-mb-104mm\/#primaryimage","url":"https:\/\/www.polnischefenster24.de\/konfigurator\/wp-content\/uploads\/2024\/07\/Aluprof-MB104-passive.jpg","contentUrl":"https:\/\/www.polnischefenster24.de\/konfigurator\/wp-content\/uploads\/2024\/07\/Aluprof-MB104-passive.jpg","width":800,"height":800},{"@type":"BreadcrumbList","@id":"https:\/\/www.polnischefenster24.de\/konfigurator\/profil\/aluminiumfenster-mb-104mm\/#breadcrumb","itemListElement":[{"@type":"ListItem","position":1,"name":"Home","item":"https:\/\/www.polnischefenster24.de\/konfigurator\/"},{"@type":"ListItem","position":2,"name":"Fenster konfigurieren Produkten bei Fenster-Welten-GmbH","item":"https:\/\/www.polnischefenster24.de\/konfigurator\/fenster-online\/"},{"@type":"ListItem","position":3,"name":"Aluprof MB-104 Passive (104mm)"}]},{"@type":"WebSite","@id":"https:\/\/www.polnischefenster24.de\/konfigurator\/#website","url":"https:\/\/www.polnischefenster24.de\/konfigurator\/","name":"Fenster Konfigurator","description":"Individuelle Fenster nach Ma\u00df online gestalten. Verschiedenen Materialien, Farben und Gr\u00f6\u00dfen. Jetzt konfigurieren und kostenloses Angebot!","publisher":{"@id":"https:\/\/www.polnischefenster24.de\/konfigurator\/#organization"},"potentialAction":[{"@type":"SearchAction","target":{"@type":"EntryPoint","urlTemplate":"https:\/\/www.polnischefenster24.de\/konfigurator\/?s={search_term_string}"},"query-input":{"@type":"PropertyValueSpecification","valueRequired":true,"valueName":"search_term_string"}}],"inLanguage":"de"},{"@type":"Organization","@id":"https:\/\/www.polnischefenster24.de\/konfigurator\/#organization","name":"Fenster Konfigurator","url":"https:\/\/www.polnischefenster24.de\/konfigurator\/","logo":{"@type":"ImageObject","inLanguage":"de","@id":"https:\/\/www.polnischefenster24.de\/konfigurator\/#\/schema\/logo\/image\/","url":"https:\/\/www.polnischefenster24.de\/konfigurator\/wp-content\/uploads\/2023\/10\/fenster-welten-gmbh-logo.png","contentUrl":"https:\/\/www.polnischefenster24.de\/konfigurator\/wp-content\/uploads\/2023\/10\/fenster-welten-gmbh-logo.png","width":851,"height":451,"caption":"Fenster Konfigurator"},"image":{"@id":"https:\/\/www.polnischefenster24.de\/konfigurator\/#\/schema\/logo\/image\/"}}]}},"_links":{"self":[{"href":"https:\/\/www.polnischefenster24.de\/konfigurator\/wp-json\/wp\/v2\/product\/411","targetHints":{"allow":["GET"]}}],"collection":[{"href":"https:\/\/www.polnischefenster24.de\/konfigurator\/wp-json\/wp\/v2\/product"}],"about":[{"href":"https:\/\/www.polnischefenster24.de\/konfigurator\/wp-json\/wp\/v2\/types\/product"}],"wp:featuredmedia":[{"embeddable":true,"href":"https:\/\/www.polnischefenster24.de\/konfigurator\/wp-json\/wp\/v2\/media\/42522"}],"wp:attachment":[{"href":"https:\/\/www.polnischefenster24.de\/konfigurator\/wp-json\/wp\/v2\/media?parent=411"}],"wp:term":[{"taxonomy":"product_brand","embeddable":true,"href":"https:\/\/www.polnischefenster24.de\/konfigurator\/wp-json\/wp\/v2\/product_brand?post=411"},{"taxonomy":"product_cat","embeddable":true,"href":"https:\/\/www.polnischefenster24.de\/konfigurator\/wp-json\/wp\/v2\/product_cat?post=411"},{"taxonomy":"product_tag","embeddable":true,"href":"https:\/\/www.polnischefenster24.de\/konfigurator\/wp-json\/wp\/v2\/product_tag?post=411"}],"curies":[{"name":"wp","href":"https:\/\/api.w.org\/{rel}","templated":true}]}}