{"id":420,"date":"2019-11-21T11:32:49","date_gmt":"2019-11-21T10:32:49","guid":{"rendered":"https:\/\/polnischefenster24.de\/konfigurator\/?post_type=product&#038;p=420"},"modified":"2026-01-12T18:51:19","modified_gmt":"2026-01-12T17:51:19","slug":"holzfenster-mit-wetterschenkel-aus-aluminium-80mm","status":"publish","type":"product","link":"https:\/\/www.polnischefenster24.de\/konfigurator\/profil\/holzfenster-mit-wetterschenkel-aus-aluminium-80mm\/","title":{"rendered":"Holzfenster mit Wetterschenkel aus Aluminium (80mm)"},"content":{"rendered":"","protected":false},"excerpt":{"rendered":"","protected":false},"featured_media":42532,"template":"","meta":[],"product_brand":[],"product_cat":[22,23],"product_tag":[],"class_list":{"0":"post-420","1":"product","2":"type-product","3":"status-publish","4":"has-post-thumbnail","6":"product_cat-holzfenster","7":"product_cat-holzfenster-mit-wetterschenkel-aus-aluminium","9":"first","10":"instock","11":"shipping-taxable","12":"purchasable","13":"product-type-simple"},"yoast_head":"<!-- This site is optimized with the Yoast SEO plugin v27.4 - https:\/\/yoast.com\/product\/yoast-seo-wordpress\/ -->\n<title>Holzfenster mit Wetterschenkel aus Aluminium (80mm) - Fenster Konfigurator<\/title>\n<meta name=\"robots\" content=\"index, follow, max-snippet:-1, max-image-preview:large, max-video-preview:-1\" \/>\n<link rel=\"canonical\" href=\"https:\/\/www.polnischefenster24.de\/konfigurator\/profil\/holzfenster-mit-wetterschenkel-aus-aluminium-80mm\/\" \/>\n<meta property=\"og:locale\" content=\"de_DE\" \/>\n<meta property=\"og:type\" content=\"article\" \/>\n<meta property=\"og:title\" content=\"Holzfenster mit Wetterschenkel aus Aluminium (80mm) - Fenster Konfigurator\" \/>\n<meta property=\"og:url\" content=\"https:\/\/www.polnischefenster24.de\/konfigurator\/profil\/holzfenster-mit-wetterschenkel-aus-aluminium-80mm\/\" \/>\n<meta property=\"og:site_name\" content=\"Fenster Konfigurator\" \/>\n<meta property=\"article:modified_time\" content=\"2026-01-12T17:51:19+00:00\" \/>\n<meta property=\"og:image\" content=\"https:\/\/www.polnischefenster24.de\/konfigurator\/wp-content\/uploads\/2024\/07\/Holzfenster-78-euroline.jpg\" \/>\n\t<meta property=\"og:image:width\" content=\"800\" \/>\n\t<meta property=\"og:image:height\" content=\"800\" \/>\n\t<meta property=\"og:image:type\" content=\"image\/jpeg\" \/>\n<meta name=\"twitter:card\" content=\"summary_large_image\" \/>\n<meta name=\"twitter:label1\" content=\"Gesch\u00e4tzte Lesezeit\" \/>\n\t<meta name=\"twitter:data1\" content=\"1\u00a0Minute\" \/>\n<script type=\"application\/ld+json\" class=\"yoast-schema-graph\">{\"@context\":\"https:\\\/\\\/schema.org\",\"@graph\":[{\"@type\":\"WebPage\",\"@id\":\"https:\\\/\\\/www.polnischefenster24.de\\\/konfigurator\\\/profil\\\/holzfenster-mit-wetterschenkel-aus-aluminium-80mm\\\/\",\"url\":\"https:\\\/\\\/www.polnischefenster24.de\\\/konfigurator\\\/profil\\\/holzfenster-mit-wetterschenkel-aus-aluminium-80mm\\\/\",\"name\":\"Holzfenster mit Wetterschenkel aus Aluminium (80mm) - Fenster Konfigurator\",\"isPartOf\":{\"@id\":\"https:\\\/\\\/www.polnischefenster24.de\\\/konfigurator\\\/#website\"},\"primaryImageOfPage\":{\"@id\":\"https:\\\/\\\/www.polnischefenster24.de\\\/konfigurator\\\/profil\\\/holzfenster-mit-wetterschenkel-aus-aluminium-80mm\\\/#primaryimage\"},\"image\":{\"@id\":\"https:\\\/\\\/www.polnischefenster24.de\\\/konfigurator\\\/profil\\\/holzfenster-mit-wetterschenkel-aus-aluminium-80mm\\\/#primaryimage\"},\"thumbnailUrl\":\"https:\\\/\\\/www.polnischefenster24.de\\\/konfigurator\\\/wp-content\\\/uploads\\\/2024\\\/07\\\/Holzfenster-78-euroline.jpg\",\"datePublished\":\"2019-11-21T10:32:49+00:00\",\"dateModified\":\"2026-01-12T17:51:19+00:00\",\"breadcrumb\":{\"@id\":\"https:\\\/\\\/www.polnischefenster24.de\\\/konfigurator\\\/profil\\\/holzfenster-mit-wetterschenkel-aus-aluminium-80mm\\\/#breadcrumb\"},\"inLanguage\":\"de\",\"potentialAction\":[{\"@type\":\"ReadAction\",\"target\":[\"https:\\\/\\\/www.polnischefenster24.de\\\/konfigurator\\\/profil\\\/holzfenster-mit-wetterschenkel-aus-aluminium-80mm\\\/\"]}]},{\"@type\":\"ImageObject\",\"inLanguage\":\"de\",\"@id\":\"https:\\\/\\\/www.polnischefenster24.de\\\/konfigurator\\\/profil\\\/holzfenster-mit-wetterschenkel-aus-aluminium-80mm\\\/#primaryimage\",\"url\":\"https:\\\/\\\/www.polnischefenster24.de\\\/konfigurator\\\/wp-content\\\/uploads\\\/2024\\\/07\\\/Holzfenster-78-euroline.jpg\",\"contentUrl\":\"https:\\\/\\\/www.polnischefenster24.de\\\/konfigurator\\\/wp-content\\\/uploads\\\/2024\\\/07\\\/Holzfenster-78-euroline.jpg\",\"width\":800,\"height\":800},{\"@type\":\"BreadcrumbList\",\"@id\":\"https:\\\/\\\/www.polnischefenster24.de\\\/konfigurator\\\/profil\\\/holzfenster-mit-wetterschenkel-aus-aluminium-80mm\\\/#breadcrumb\",\"itemListElement\":[{\"@type\":\"ListItem\",\"position\":1,\"name\":\"Home\",\"item\":\"https:\\\/\\\/www.polnischefenster24.de\\\/konfigurator\\\/\"},{\"@type\":\"ListItem\",\"position\":2,\"name\":\"Fenster konfigurieren Produkten bei Fenster-Welten-GmbH\",\"item\":\"https:\\\/\\\/www.polnischefenster24.de\\\/konfigurator\\\/fenster-online\\\/\"},{\"@type\":\"ListItem\",\"position\":3,\"name\":\"Holzfenster mit Wetterschenkel aus Aluminium (80mm)\"}]},{\"@type\":\"WebSite\",\"@id\":\"https:\\\/\\\/www.polnischefenster24.de\\\/konfigurator\\\/#website\",\"url\":\"https:\\\/\\\/www.polnischefenster24.de\\\/konfigurator\\\/\",\"name\":\"Fenster Konfigurator\",\"description\":\"Individuelle Fenster nach Ma\u00df online gestalten. Verschiedenen Materialien, Farben und Gr\u00f6\u00dfen. Jetzt konfigurieren und kostenloses Angebot!\",\"publisher\":{\"@id\":\"https:\\\/\\\/www.polnischefenster24.de\\\/konfigurator\\\/#organization\"},\"potentialAction\":[{\"@type\":\"SearchAction\",\"target\":{\"@type\":\"EntryPoint\",\"urlTemplate\":\"https:\\\/\\\/www.polnischefenster24.de\\\/konfigurator\\\/?s={search_term_string}\"},\"query-input\":{\"@type\":\"PropertyValueSpecification\",\"valueRequired\":true,\"valueName\":\"search_term_string\"}}],\"inLanguage\":\"de\"},{\"@type\":\"Organization\",\"@id\":\"https:\\\/\\\/www.polnischefenster24.de\\\/konfigurator\\\/#organization\",\"name\":\"Fenster Konfigurator\",\"url\":\"https:\\\/\\\/www.polnischefenster24.de\\\/konfigurator\\\/\",\"logo\":{\"@type\":\"ImageObject\",\"inLanguage\":\"de\",\"@id\":\"https:\\\/\\\/www.polnischefenster24.de\\\/konfigurator\\\/#\\\/schema\\\/logo\\\/image\\\/\",\"url\":\"https:\\\/\\\/www.polnischefenster24.de\\\/konfigurator\\\/wp-content\\\/uploads\\\/2023\\\/10\\\/fenster-welten-gmbh-logo.png\",\"contentUrl\":\"https:\\\/\\\/www.polnischefenster24.de\\\/konfigurator\\\/wp-content\\\/uploads\\\/2023\\\/10\\\/fenster-welten-gmbh-logo.png\",\"width\":851,\"height\":451,\"caption\":\"Fenster Konfigurator\"},\"image\":{\"@id\":\"https:\\\/\\\/www.polnischefenster24.de\\\/konfigurator\\\/#\\\/schema\\\/logo\\\/image\\\/\"}}]}<\/script>\n<!-- \/ Yoast SEO plugin. -->","yoast_head_json":{"title":"Holzfenster mit Wetterschenkel aus Aluminium (80mm) - Fenster Konfigurator","robots":{"index":"index","follow":"follow","max-snippet":"max-snippet:-1","max-image-preview":"max-image-preview:large","max-video-preview":"max-video-preview:-1"},"canonical":"https:\/\/www.polnischefenster24.de\/konfigurator\/profil\/holzfenster-mit-wetterschenkel-aus-aluminium-80mm\/","og_locale":"de_DE","og_type":"article","og_title":"Holzfenster mit Wetterschenkel aus Aluminium (80mm) - Fenster Konfigurator","og_url":"https:\/\/www.polnischefenster24.de\/konfigurator\/profil\/holzfenster-mit-wetterschenkel-aus-aluminium-80mm\/","og_site_name":"Fenster Konfigurator","article_modified_time":"2026-01-12T17:51:19+00:00","og_image":[{"width":800,"height":800,"url":"https:\/\/www.polnischefenster24.de\/konfigurator\/wp-content\/uploads\/2024\/07\/Holzfenster-78-euroline.jpg","type":"image\/jpeg"}],"twitter_card":"summary_large_image","twitter_misc":{"Gesch\u00e4tzte Lesezeit":"1\u00a0Minute"},"schema":{"@context":"https:\/\/schema.org","@graph":[{"@type":"WebPage","@id":"https:\/\/www.polnischefenster24.de\/konfigurator\/profil\/holzfenster-mit-wetterschenkel-aus-aluminium-80mm\/","url":"https:\/\/www.polnischefenster24.de\/konfigurator\/profil\/holzfenster-mit-wetterschenkel-aus-aluminium-80mm\/","name":"Holzfenster mit Wetterschenkel aus Aluminium (80mm) - Fenster Konfigurator","isPartOf":{"@id":"https:\/\/www.polnischefenster24.de\/konfigurator\/#website"},"primaryImageOfPage":{"@id":"https:\/\/www.polnischefenster24.de\/konfigurator\/profil\/holzfenster-mit-wetterschenkel-aus-aluminium-80mm\/#primaryimage"},"image":{"@id":"https:\/\/www.polnischefenster24.de\/konfigurator\/profil\/holzfenster-mit-wetterschenkel-aus-aluminium-80mm\/#primaryimage"},"thumbnailUrl":"https:\/\/www.polnischefenster24.de\/konfigurator\/wp-content\/uploads\/2024\/07\/Holzfenster-78-euroline.jpg","datePublished":"2019-11-21T10:32:49+00:00","dateModified":"2026-01-12T17:51:19+00:00","breadcrumb":{"@id":"https:\/\/www.polnischefenster24.de\/konfigurator\/profil\/holzfenster-mit-wetterschenkel-aus-aluminium-80mm\/#breadcrumb"},"inLanguage":"de","potentialAction":[{"@type":"ReadAction","target":["https:\/\/www.polnischefenster24.de\/konfigurator\/profil\/holzfenster-mit-wetterschenkel-aus-aluminium-80mm\/"]}]},{"@type":"ImageObject","inLanguage":"de","@id":"https:\/\/www.polnischefenster24.de\/konfigurator\/profil\/holzfenster-mit-wetterschenkel-aus-aluminium-80mm\/#primaryimage","url":"https:\/\/www.polnischefenster24.de\/konfigurator\/wp-content\/uploads\/2024\/07\/Holzfenster-78-euroline.jpg","contentUrl":"https:\/\/www.polnischefenster24.de\/konfigurator\/wp-content\/uploads\/2024\/07\/Holzfenster-78-euroline.jpg","width":800,"height":800},{"@type":"BreadcrumbList","@id":"https:\/\/www.polnischefenster24.de\/konfigurator\/profil\/holzfenster-mit-wetterschenkel-aus-aluminium-80mm\/#breadcrumb","itemListElement":[{"@type":"ListItem","position":1,"name":"Home","item":"https:\/\/www.polnischefenster24.de\/konfigurator\/"},{"@type":"ListItem","position":2,"name":"Fenster konfigurieren Produkten bei Fenster-Welten-GmbH","item":"https:\/\/www.polnischefenster24.de\/konfigurator\/fenster-online\/"},{"@type":"ListItem","position":3,"name":"Holzfenster mit Wetterschenkel aus Aluminium (80mm)"}]},{"@type":"WebSite","@id":"https:\/\/www.polnischefenster24.de\/konfigurator\/#website","url":"https:\/\/www.polnischefenster24.de\/konfigurator\/","name":"Fenster Konfigurator","description":"Individuelle Fenster nach Ma\u00df online gestalten. Verschiedenen Materialien, Farben und Gr\u00f6\u00dfen. Jetzt konfigurieren und kostenloses Angebot!","publisher":{"@id":"https:\/\/www.polnischefenster24.de\/konfigurator\/#organization"},"potentialAction":[{"@type":"SearchAction","target":{"@type":"EntryPoint","urlTemplate":"https:\/\/www.polnischefenster24.de\/konfigurator\/?s={search_term_string}"},"query-input":{"@type":"PropertyValueSpecification","valueRequired":true,"valueName":"search_term_string"}}],"inLanguage":"de"},{"@type":"Organization","@id":"https:\/\/www.polnischefenster24.de\/konfigurator\/#organization","name":"Fenster Konfigurator","url":"https:\/\/www.polnischefenster24.de\/konfigurator\/","logo":{"@type":"ImageObject","inLanguage":"de","@id":"https:\/\/www.polnischefenster24.de\/konfigurator\/#\/schema\/logo\/image\/","url":"https:\/\/www.polnischefenster24.de\/konfigurator\/wp-content\/uploads\/2023\/10\/fenster-welten-gmbh-logo.png","contentUrl":"https:\/\/www.polnischefenster24.de\/konfigurator\/wp-content\/uploads\/2023\/10\/fenster-welten-gmbh-logo.png","width":851,"height":451,"caption":"Fenster Konfigurator"},"image":{"@id":"https:\/\/www.polnischefenster24.de\/konfigurator\/#\/schema\/logo\/image\/"}}]}},"_links":{"self":[{"href":"https:\/\/www.polnischefenster24.de\/konfigurator\/wp-json\/wp\/v2\/product\/420","targetHints":{"allow":["GET"]}}],"collection":[{"href":"https:\/\/www.polnischefenster24.de\/konfigurator\/wp-json\/wp\/v2\/product"}],"about":[{"href":"https:\/\/www.polnischefenster24.de\/konfigurator\/wp-json\/wp\/v2\/types\/product"}],"wp:featuredmedia":[{"embeddable":true,"href":"https:\/\/www.polnischefenster24.de\/konfigurator\/wp-json\/wp\/v2\/media\/42532"}],"wp:attachment":[{"href":"https:\/\/www.polnischefenster24.de\/konfigurator\/wp-json\/wp\/v2\/media?parent=420"}],"wp:term":[{"taxonomy":"product_brand","embeddable":true,"href":"https:\/\/www.polnischefenster24.de\/konfigurator\/wp-json\/wp\/v2\/product_brand?post=420"},{"taxonomy":"product_cat","embeddable":true,"href":"https:\/\/www.polnischefenster24.de\/konfigurator\/wp-json\/wp\/v2\/product_cat?post=420"},{"taxonomy":"product_tag","embeddable":true,"href":"https:\/\/www.polnischefenster24.de\/konfigurator\/wp-json\/wp\/v2\/product_tag?post=420"}],"curies":[{"name":"wp","href":"https:\/\/api.w.org\/{rel}","templated":true}]}}